{"id":706,"date":"2022-06-22T07:08:33","date_gmt":"2022-06-22T07:08:33","guid":{"rendered":"http:\/\/tiffanysmandarin.com\/?page_id=706"},"modified":"2026-02-16T22:52:53","modified_gmt":"2026-02-16T14:52:53","slug":"synonym","status":"publish","type":"page","link":"https:\/\/tiffanysmandarin.com\/index.php\/synonym\/","title":{"rendered":"Synonyms"},"content":{"rendered":"\n<div style=\"height:18px\" aria-hidden=\"true\" class=\"wp-block-spacer\"><\/div>\n\n\n\n<p class=\"has-text-align-center has-background\" style=\"background-color:#abb7c229\"><strong>A\uff5eZ<\/strong><\/p>\n\n\n\n<ul id=\"block-2ef84bd1-c800-4336-8390-b57b5ba9077e\" class=\"wp-block-list\">\n<li><a href=\"https:\/\/tiffanysmandarin.com\/index.php\/2022\/11\/21\/pa\/\">&#8220;<strong>Afraid<\/strong>&#8221; in Chinese<\/a><br><mark style=\"background-color:rgba(0, 0, 0, 0);color:#606060\" class=\"has-inline-color\">\u6015 p\u00e0, \u5bb3\u6015 h\u00e0ip\u00e0, \u53ef\u6015 k\u011bp\u00e0, and \u6050\u6015 k\u01d2ngp\u00e0<\/mark><\/li>\n<\/ul>\n\n\n\n<ul id=\"block-2ef84bd1-c800-4336-8390-b57b5ba9077e\" class=\"wp-block-list\">\n<li><a href=\"https:\/\/tiffanysmandarin.com\/index.php\/2022\/11\/19\/zai-and-you\/\">&#8220;<strong>Again<\/strong>&#8221; in Chinese<\/a><br><mark style=\"background-color:rgba(0, 0, 0, 0);color:#606060\" class=\"has-inline-color\">\u53c8 y\u00f2u, \u518d z\u00e0i, <span class=\"lang-zh-TW\">\u9084<\/span><span class=\"lang-zh-CN\">\u8fd8<\/span> h\u00e1i, and \u91cd ch\u00f3ng<\/mark><\/li>\n<\/ul>\n\n\n\n<ul class=\"wp-block-list\">\n<li><a href=\"https:\/\/tiffanysmandarin.com\/index.php\/2025\/05\/12\/synonym-almost-chinese-chabuduo-jihu\/\">&#8220;<strong>Almost<\/strong>&#8221; in Chinese<\/a><br><mark style=\"background-color:rgba(0, 0, 0, 0);color:#606060\" class=\"has-inline-color\">\u5dee\u4e0d\u591a <span class=\"lang-zh-TW\">ch\u0101b\u00f9du\u014d<\/span><span class=\"lang-zh-CN\">ch\u00e0budu\u014d<\/span> and <span class=\"lang-zh-TW\">\u5e7e<\/span><span class=\"lang-zh-CN\">\u51e0<\/span>\u4e4e j\u012bh\u016b<\/mark><\/li>\n<\/ul>\n\n\n\n<ul id=\"block-2ef84bd1-c800-4336-8390-b57b5ba9077e\" class=\"wp-block-list\">\n<li><a href=\"https:\/\/tiffanysmandarin.com\/index.php\/2023\/03\/08\/always\/\">&#8220;<strong>Always<\/strong>&#8221; in Chinese<\/a><br><mark style=\"background-color:rgba(0, 0, 0, 0);color:#606060\" class=\"has-inline-color\"><span class=\"lang-zh-TW\">\u7e3d<\/span><span class=\"lang-zh-CN\">\u603b<\/span>\u662f z\u01d2ngsh\u00ec, \u8001\u662f l\u01ceosh\u00ec, \u4e00\u5411 y\u00edxi\u00e0ng and \u4e00\u76f4 y\u00eczh\u00ed<\/mark><\/li>\n<\/ul>\n\n\n\n<ul class=\"wp-block-list\">\n<li><a href=\"https:\/\/tiffanysmandarin.com\/index.php\/2022\/07\/12\/can\/\">&#8220;<strong>Can&#8221;<\/strong> in Chinese<\/a><br><mark style=\"background-color:rgba(0, 0, 0, 0);color:#606060\" class=\"has-inline-color\">\u80fd n\u00e9ng,&nbsp;<span class=\"lang-zh-TW\">\u6703<\/span><span class=\"lang-zh-CN\">\u4f1a<\/span> hu\u00ec,&nbsp;and&nbsp;\u53ef\u4ee5 k\u011by\u01d0<\/mark><\/li>\n<\/ul>\n\n\n\n<ul class=\"wp-block-list\">\n<li><a href=\"https:\/\/tiffanysmandarin.com\/index.php\/2024\/09\/21\/change-chinese-gaibian\/\">&#8220;<strong>Change<\/strong>&#8221; in Chinese<\/a><br><mark style=\"background-color:rgba(0, 0, 0, 0);color:#606060\" class=\"has-inline-color\"><span class=\"lang-zh-TW\">\u8b8a<\/span><span class=\"lang-zh-CN\">\u53d8<\/span> bi\u00e0n, \u6539<span class=\"lang-zh-TW\">\u8b8a<\/span><span class=\"lang-zh-CN\">\u53d8<\/span> g\u01ceibi\u00e0n, <span class=\"lang-zh-TW\">\u8b8a<\/span><span class=\"lang-zh-CN\">\u53d8<\/span>\u6210 bi\u00e0nch\u00e9ng  and <span class=\"lang-zh-TW\">\u8b8a<\/span><span class=\"lang-zh-CN\">\u53d8<\/span>\u5316 bi\u00e0nhu\u00e0<\/mark><\/li>\n<\/ul>\n\n\n\n<ul class=\"wp-block-list\">\n<li><a href=\"https:\/\/tiffanysmandarin.com\/index.php\/2025\/07\/18\/each-other-chinese\/\">&#8220;<strong>Each other<\/strong>&#8221; in Chinese<\/a><br><mark style=\"background-color:rgba(0, 0, 0, 0);color:#606060\" class=\"has-inline-color\">\u5f7c\u6b64 b\u01d0c\u01d0, \u4e92\u76f8 h\u00f9xi\u0101ng, and <span class=\"lang-zh-TW\">\u5c0d<\/span><span class=\"lang-zh-CN\">\u5bf9<\/span>\u65b9 du\u00ecf\u0101ng<\/mark><\/li>\n<\/ul>\n\n\n\n<ul class=\"wp-block-list\">\n<li><a href=\"https:\/\/tiffanysmandarin.com\/index.php\/2022\/07\/19\/synonym-finally\/\">&#8220;<strong>Finally<\/strong>&#8221; in Chinese<\/a> <br><mark style=\"background-color:rgba(0, 0, 0, 0);color:#606060\" class=\"has-inline-color\">\u5230\u5e95 d\u00e0od\u01d0, \u6700<span class=\"lang-zh-TW\">\u5f8c<\/span><span class=\"lang-zh-CN\">\u540e<\/span> zu\u00ech\u00f2u, <span class=\"lang-zh-TW\">\u7e3d<\/span><span class=\"lang-zh-CN\">\u603b<\/span>\u7b97 z\u01d2ngsu\u00e0n and \u7d42<span class=\"lang-zh-TW\">\u65bc<\/span><span class=\"lang-zh-CN\">\u4e8e<\/span> zh\u014dngy\u00fa<\/mark><\/li>\n<\/ul>\n\n\n\n<ul class=\"wp-block-list\">\n<li><a href=\"https:\/\/tiffanysmandarin.com\/index.php\/2024\/11\/05\/if-in-chinese\/\">&#8220;<strong>If<\/strong>&#8221; in Chinese<\/a><br><mark style=\"background-color:rgba(0, 0, 0, 0);color:#606060\" class=\"has-inline-color\"><span class=\"lang-zh-TW\">\u5047\u5982 ji\u01cer\u00fa, \u842c\u4e00 w\u00e0ny\u012b, \u8981\u662f y\u00e0oshi, \u5982\u679c r\u00fagu\u01d2, \u7684\u8a71 dehu\u00e0, \u5047\u8a2d ji\u01cesh\u00e8, \u5018\u82e5 t\u01cengru\u00f2, and \u82e5\u662f ru\u00f2sh\u00ec<\/span><span class=\"lang-zh-CN\">\u5047\u5982 ji\u01cer\u00fa, \u4e07\u4e00 w\u00e0ny\u012b, \u8981\u662f y\u00e0oshi, \u5982\u679c r\u00fagu\u01d2, \u7684\u8bdd dehu\u00e0, \u5047\u8bbe ji\u01cesh\u00e8, \u5018\u82e5 t\u01cengru\u00f2, and \u82e5\u662f ru\u00f2sh\u00ec<\/span><\/mark><\/li>\n<\/ul>\n\n\n\n<ul class=\"wp-block-list\">\n<li><a href=\"https:\/\/tiffanysmandarin.com\/index.php\/2023\/04\/25\/synonym-just\">&#8220;<strong>Just<\/strong>&#8221; in Chinese<\/a><br><mark style=\"background-color:rgba(0, 0, 0, 0);color:#606060\" class=\"has-inline-color\"><span class=\"lang-zh-TW\">\u525b<\/span><span class=\"lang-zh-CN\">\u521a<\/span> g\u0101ng, <span class=\"lang-zh-TW\">\u525b<\/span><span class=\"lang-zh-CN\">\u521a<\/span><span class=\"lang-zh-TW\">\u525b<\/span><span class=\"lang-zh-CN\">\u521a<\/span> g\u0101ngg\u0101ng and <span class=\"lang-zh-TW\">\u525b<\/span><span class=\"lang-zh-CN\">\u521a<\/span>\u624d g\u0101ngc\u00e1i<\/mark><\/li>\n<\/ul>\n\n\n\n<ul id=\"block-2ef84bd1-c800-4336-8390-b57b5ba9077e\" class=\"wp-block-list\">\n<li><a href=\"https:\/\/tiffanysmandarin.com\/index.php\/2023\/03\/06\/often\/\">&#8220;<strong>Often<\/strong>&#8221; in Chinese<\/a><br><mark style=\"background-color:rgba(0, 0, 0, 0);color:#606060\" class=\"has-inline-color\"><span class=\"lang-zh-TW\">\u7d93<\/span><span class=\"lang-zh-CN\">\u7ecf<\/span>\u5e38 j\u012bngch\u00e1ng, \u5e38\u5e38 ch\u00e1ngch\u00e1ng, \u5f80\u5f80 w\u01cengw\u01ceng, \u5e73\u5e38 p\u00edngch\u00e1ng and <span class=\"lang-zh-TW\">\u6642<\/span><span class=\"lang-zh-CN\">\u65f6<\/span>\u5e38sh\u00edch\u00e1ng<\/mark><\/li>\n<\/ul>\n\n\n\n<ul id=\"block-2ef84bd1-c800-4336-8390-b57b5ba9077e\" class=\"wp-block-list\">\n<li><a href=\"https:\/\/tiffanysmandarin.com\/index.php\/2026\/02\/08\/synonym-of-other-in-chinese\/\">&#8220;<strong>Other<\/strong>&#8221; in Chinese<\/a><br><mark style=\"background-color:rgba(0, 0, 0, 0);color:#606060\" class=\"has-inline-color\">\u5176\u4ed6 q\u00edt\u0101, \u5225\u7684 b\u00e9ide, and \u53e6\u5916 l\u00ecngw\u00e0i<\/mark><\/li>\n<\/ul>\n\n\n\n<ul class=\"wp-block-list\">\n<li><a href=\"https:\/\/tiffanysmandarin.com\/index.php\/2022\/07\/10\/synonym-power\/\">&#8220;<strong>Power<\/strong>&#8221; in Chinese <\/a><br><mark style=\"background-color:rgba(0, 0, 0, 0);color:#606060\" class=\"has-inline-color\">\u529b<span class=\"lang-zh-TW\">\u6c23<\/span><span class=\"lang-zh-CN\">\u6c14<\/span> l\u00ecqi&nbsp;and&nbsp;\u529b\u91cf l\u00ecli\u00e0ng<br>\u653f<span class=\"lang-zh-TW\">\u6b0a<\/span><span class=\"lang-zh-CN\">\u6743<\/span> zh\u00e8ngqu\u00e1n, <span class=\"lang-zh-TW\">\u6b0a<\/span><span class=\"lang-zh-CN\">\u6743<\/span>\u529b qu\u00e1nl\u00ec, <span class=\"lang-zh-TW\">\u52e2<\/span><span class=\"lang-zh-CN\">\u52bf<\/span>\u529b sh\u00ecl\u00ec, <span class=\"lang-zh-TW\">\u52d5<\/span><span class=\"lang-zh-CN\">\u52a8<\/span>\u529b d\u00f2ngl\u00ec and <span class=\"lang-zh-TW\">\u96fb<\/span><span class=\"lang-zh-CN\">\u7535<\/span>\u529b di\u00e0nl\u00ec<\/mark><\/li>\n<\/ul>\n\n\n\n<ul class=\"wp-block-list\">\n<li><a href=\"https:\/\/tiffanysmandarin.com\/index.php\/2022\/07\/14\/synonym-relieved\/\">&#8220;<strong>Relieved<\/strong>&#8221; in Chinese<\/a> <br><mark style=\"background-color:rgba(0, 0, 0, 0);color:#606060\" class=\"has-inline-color\">\u5b89\u5fc3 \u0101nx\u012bn and \u653e\u5fc3 f\u00e0ngx\u012bn<\/mark><\/li>\n<\/ul>\n\n\n\n<ul id=\"block-2ef84bd1-c800-4336-8390-b57b5ba9077e\" class=\"wp-block-list\">\n<li><a href=\"https:\/\/tiffanysmandarin.com\/index.php\/2022\/07\/08\/synonym-strong\/\">&#8220;<strong>Strong<\/strong>&#8221; in Chinese<\/a><br><mark style=\"background-color:rgba(0, 0, 0, 0);color:#606060\" class=\"has-inline-color\">\u5f37 qi\u00e1ng, \u5f3a<span class=\"lang-zh-TW\">\u58ef<\/span><span class=\"lang-zh-CN\">\u58ee<\/span> qi\u00e1ngzhu\u00e0ng, \u91cd zh\u00f2ng and <span class=\"lang-zh-TW\">\u6fc3<\/span><span class=\"lang-zh-CN\">\u6d53<\/span> n\u00f3ng<\/mark><\/li>\n<\/ul>\n\n\n\n<ul class=\"wp-block-list\">\n<li><a href=\"https:\/\/tiffanysmandarin.com\/index.php\/2024\/11\/30\/still-in-chinese\/\">&#8220;<strong>Still<\/strong>&#8221; in Chinese<\/a><br><mark style=\"background-color:rgba(0, 0, 0, 0);color:#606060\" class=\"has-inline-color\"><span class=\"lang-zh-TW\">\u9084<\/span><span class=\"lang-zh-CN\">\u8fd8<\/span> h\u00e1i, \u4ecd\u7136 r\u00e9ngr\u00e1n, \u4f9d\u7136 y\u012br\u00e1n, \u4ecd<span class=\"lang-zh-TW\">\u820a<\/span><span class=\"lang-zh-CN\">\u65e7<\/span> r\u00e9ngji\u00f9 and \u4f9d<span class=\"lang-zh-TW\">\u820a<\/span><span class=\"lang-zh-CN\">\u65e7<\/span> y\u012bji\u00f9<\/mark><\/li>\n<\/ul>\n\n\n\n<ul class=\"wp-block-list\">\n<li><a href=\"https:\/\/tiffanysmandarin.com\/index.php\/2025\/03\/20\/serious-in-chinese\/\">&#8220;<strong>Serious<\/strong>&#8221; in Chinese<\/a><br><mark style=\"background-color:rgba(0, 0, 0, 0);color:#606060\" class=\"has-inline-color\"><span class=\"lang-zh-TW\">\u56b4\u8085<\/span><span class=\"lang-zh-CN\">\u4e25\u8083<\/span> y\u00e1ns\u00f9, <span class=\"lang-zh-TW\">\u56b4<\/span><span class=\"lang-zh-CN\">\u4e25<\/span>\u683c y\u00e1ng\u00e9, <span class=\"lang-zh-TW\">\u56b4<\/span><span class=\"lang-zh-CN\">\u4e25<\/span>\u91cd y\u00e1nzh\u00f2ng<\/mark><\/li>\n<\/ul>\n\n\n\n<ul class=\"wp-block-list\">\n<li><a href=\"https:\/\/tiffanysmandarin.com\/index.php\/2022\/07\/06\/synonym-times\/\">&#8220;<strong>Times<\/strong>&#8221; in Chinese<\/a><br><mark style=\"background-color:rgba(0, 0, 0, 0);color:#606060\" class=\"has-inline-color\">\u6b21 c\u00ec, \u904d bi\u00e0n, \u8d9f t\u00e0ng, and <span class=\"lang-zh-TW\">\u5834<\/span><span class=\"lang-zh-CN\">\u573a<\/span> ch\u01ceng<\/mark><\/li>\n<\/ul>\n\n\n\n<ul class=\"wp-block-list\">\n<li><a href=\"https:\/\/tiffanysmandarin.com\/index.php\/2025\/07\/13\/synonyms-want-chinese\/\">&#8220;<strong>Want&#8221;<\/strong> in Chinese<\/a><br><mark style=\"background-color:rgba(0, 0, 0, 0);color:#606060\" class=\"has-inline-color\">\u60f3 xi\u01ceng,&nbsp;\u60f3\u8981 xi\u01cengy\u00e0o,&nbsp;and&nbsp;\u8981 y\u00e0o<\/mark><\/li>\n<\/ul>\n\n\n\n<ul class=\"wp-block-list\">\n<li><a href=\"https:\/\/tiffanysmandarin.com\/index.php\/2023\/01\/07\/jiu-and-cai\/\">Difference between \u5c31 ji\u00f9 and \u624d c\u00e1i<\/a><\/li>\n<\/ul>\n\n\n\n<div style=\"height:203px\" aria-hidden=\"true\" class=\"wp-block-spacer\"><\/div>\n","protected":false},"excerpt":{"rendered":"<p>A\uff5eZ<\/p>\n","protected":false},"author":2,"featured_media":0,"parent":0,"menu_order":0,"comment_status":"closed","ping_status":"closed","template":"","meta":{"footnotes":""},"class_list":["post-706","page","type-page","status-publish","hentry"],"yoast_head":"<!-- This site is optimized with the Yoast SEO plugin v27.2 - https:\/\/yoast.com\/product\/yoast-seo-wordpress\/ -->\n<title>Synonyms - OneDotDot Chinese<\/title>\n<meta name=\"description\" content=\"Learn the differences between common Chinese synonyms with clear explanations and example sentences. Perfect for Mandarin learners and Chinese language study.\" \/>\n<meta name=\"robots\" content=\"index, follow, max-snippet:-1, max-image-preview:large, max-video-preview:-1\" \/>\n<link rel=\"canonical\" href=\"https:\/\/tiffanysmandarin.com\/index.php\/synonym\/\" \/>\n<meta property=\"og:locale\" content=\"en_US\" \/>\n<meta property=\"og:type\" content=\"article\" \/>\n<meta property=\"og:title\" content=\"Synonyms - OneDotDot Chinese\" \/>\n<meta property=\"og:description\" content=\"Learn the differences between common Chinese synonyms with clear explanations and example sentences. Perfect for Mandarin learners and Chinese language study.\" \/>\n<meta property=\"og:url\" content=\"https:\/\/tiffanysmandarin.com\/index.php\/synonym\/\" \/>\n<meta property=\"og:site_name\" content=\"OneDotDot Chinese\" \/>\n<meta property=\"article:modified_time\" content=\"2026-02-16T14:52:53+00:00\" \/>\n<meta name=\"twitter:card\" content=\"summary_large_image\" \/>\n<meta name=\"twitter:label1\" content=\"Est. reading time\" \/>\n\t<meta name=\"twitter:data1\" content=\"2 minutes\" \/>\n<script type=\"application\/ld+json\" class=\"yoast-schema-graph\">{\"@context\":\"https:\/\/schema.org\",\"@graph\":[{\"@type\":\"WebPage\",\"@id\":\"https:\/\/tiffanysmandarin.com\/index.php\/synonym\/\",\"url\":\"https:\/\/tiffanysmandarin.com\/index.php\/synonym\/\",\"name\":\"Synonyms - OneDotDot Chinese\",\"isPartOf\":{\"@id\":\"https:\/\/tiffanysmandarin.com\/#website\"},\"datePublished\":\"2022-06-22T07:08:33+00:00\",\"dateModified\":\"2026-02-16T14:52:53+00:00\",\"description\":\"Learn the differences between common Chinese synonyms with clear explanations and example sentences. Perfect for Mandarin learners and Chinese language study.\",\"breadcrumb\":{\"@id\":\"https:\/\/tiffanysmandarin.com\/index.php\/synonym\/#breadcrumb\"},\"inLanguage\":\"en-US\",\"potentialAction\":[{\"@type\":\"ReadAction\",\"target\":[\"https:\/\/tiffanysmandarin.com\/index.php\/synonym\/\"]}]},{\"@type\":\"BreadcrumbList\",\"@id\":\"https:\/\/tiffanysmandarin.com\/index.php\/synonym\/#breadcrumb\",\"itemListElement\":[{\"@type\":\"ListItem\",\"position\":1,\"name\":\"\u9996\u9801\",\"item\":\"https:\/\/tiffanysmandarin.com\/\"},{\"@type\":\"ListItem\",\"position\":2,\"name\":\"Synonyms\"}]},{\"@type\":\"WebSite\",\"@id\":\"https:\/\/tiffanysmandarin.com\/#website\",\"url\":\"https:\/\/tiffanysmandarin.com\/\",\"name\":\"OneDotDot Chinese\",\"description\":\"Learn a little Chinese every day\",\"publisher\":{\"@id\":\"https:\/\/tiffanysmandarin.com\/#\/schema\/person\/3556e1160fac98b190d03b8aa8604d99\"},\"potentialAction\":[{\"@type\":\"SearchAction\",\"target\":{\"@type\":\"EntryPoint\",\"urlTemplate\":\"https:\/\/tiffanysmandarin.com\/?s={search_term_string}\"},\"query-input\":{\"@type\":\"PropertyValueSpecification\",\"valueRequired\":true,\"valueName\":\"search_term_string\"}}],\"inLanguage\":\"en-US\"},{\"@type\":[\"Person\",\"Organization\"],\"@id\":\"https:\/\/tiffanysmandarin.com\/#\/schema\/person\/3556e1160fac98b190d03b8aa8604d99\",\"name\":\"tiffany\",\"image\":{\"@type\":\"ImageObject\",\"inLanguage\":\"en-US\",\"@id\":\"http:\/\/tiffanysmandarin.com\/wp-content\/uploads\/2022\/06\/cropped-logo_tiffany2-1.png\",\"url\":\"http:\/\/tiffanysmandarin.com\/wp-content\/uploads\/2022\/06\/cropped-logo_tiffany2-1.png\",\"contentUrl\":\"http:\/\/tiffanysmandarin.com\/wp-content\/uploads\/2022\/06\/cropped-logo_tiffany2-1.png\",\"width\":214,\"height\":214,\"caption\":\"tiffany\"},\"logo\":{\"@id\":\"http:\/\/tiffanysmandarin.com\/wp-content\/uploads\/2022\/06\/cropped-logo_tiffany2-1.png\"},\"sameAs\":[\"https:\/\/www.instagram.com\/tiffanys_talk\/\",\"https:\/\/www.linkedin.com\/in\/tiffany-huang-mandarin\/\"]}]}<\/script>\n<!-- \/ Yoast SEO plugin. -->","yoast_head_json":{"title":"Synonyms - OneDotDot Chinese","description":"Learn the differences between common Chinese synonyms with clear explanations and example sentences. Perfect for Mandarin learners and Chinese language study.","robots":{"index":"index","follow":"follow","max-snippet":"max-snippet:-1","max-image-preview":"max-image-preview:large","max-video-preview":"max-video-preview:-1"},"canonical":"https:\/\/tiffanysmandarin.com\/index.php\/synonym\/","og_locale":"en_US","og_type":"article","og_title":"Synonyms - OneDotDot Chinese","og_description":"Learn the differences between common Chinese synonyms with clear explanations and example sentences. Perfect for Mandarin learners and Chinese language study.","og_url":"https:\/\/tiffanysmandarin.com\/index.php\/synonym\/","og_site_name":"OneDotDot Chinese","article_modified_time":"2026-02-16T14:52:53+00:00","twitter_card":"summary_large_image","twitter_misc":{"Est. reading time":"2 minutes"},"schema":{"@context":"https:\/\/schema.org","@graph":[{"@type":"WebPage","@id":"https:\/\/tiffanysmandarin.com\/index.php\/synonym\/","url":"https:\/\/tiffanysmandarin.com\/index.php\/synonym\/","name":"Synonyms - OneDotDot Chinese","isPartOf":{"@id":"https:\/\/tiffanysmandarin.com\/#website"},"datePublished":"2022-06-22T07:08:33+00:00","dateModified":"2026-02-16T14:52:53+00:00","description":"Learn the differences between common Chinese synonyms with clear explanations and example sentences. Perfect for Mandarin learners and Chinese language study.","breadcrumb":{"@id":"https:\/\/tiffanysmandarin.com\/index.php\/synonym\/#breadcrumb"},"inLanguage":"en-US","potentialAction":[{"@type":"ReadAction","target":["https:\/\/tiffanysmandarin.com\/index.php\/synonym\/"]}]},{"@type":"BreadcrumbList","@id":"https:\/\/tiffanysmandarin.com\/index.php\/synonym\/#breadcrumb","itemListElement":[{"@type":"ListItem","position":1,"name":"\u9996\u9801","item":"https:\/\/tiffanysmandarin.com\/"},{"@type":"ListItem","position":2,"name":"Synonyms"}]},{"@type":"WebSite","@id":"https:\/\/tiffanysmandarin.com\/#website","url":"https:\/\/tiffanysmandarin.com\/","name":"OneDotDot Chinese","description":"Learn a little Chinese every day","publisher":{"@id":"https:\/\/tiffanysmandarin.com\/#\/schema\/person\/3556e1160fac98b190d03b8aa8604d99"},"potentialAction":[{"@type":"SearchAction","target":{"@type":"EntryPoint","urlTemplate":"https:\/\/tiffanysmandarin.com\/?s={search_term_string}"},"query-input":{"@type":"PropertyValueSpecification","valueRequired":true,"valueName":"search_term_string"}}],"inLanguage":"en-US"},{"@type":["Person","Organization"],"@id":"https:\/\/tiffanysmandarin.com\/#\/schema\/person\/3556e1160fac98b190d03b8aa8604d99","name":"tiffany","image":{"@type":"ImageObject","inLanguage":"en-US","@id":"http:\/\/tiffanysmandarin.com\/wp-content\/uploads\/2022\/06\/cropped-logo_tiffany2-1.png","url":"http:\/\/tiffanysmandarin.com\/wp-content\/uploads\/2022\/06\/cropped-logo_tiffany2-1.png","contentUrl":"http:\/\/tiffanysmandarin.com\/wp-content\/uploads\/2022\/06\/cropped-logo_tiffany2-1.png","width":214,"height":214,"caption":"tiffany"},"logo":{"@id":"http:\/\/tiffanysmandarin.com\/wp-content\/uploads\/2022\/06\/cropped-logo_tiffany2-1.png"},"sameAs":["https:\/\/www.instagram.com\/tiffanys_talk\/","https:\/\/www.linkedin.com\/in\/tiffany-huang-mandarin\/"]}]}},"jetpack_sharing_enabled":true,"_links":{"self":[{"href":"https:\/\/tiffanysmandarin.com\/index.php\/wp-json\/wp\/v2\/pages\/706","targetHints":{"allow":["GET"]}}],"collection":[{"href":"https:\/\/tiffanysmandarin.com\/index.php\/wp-json\/wp\/v2\/pages"}],"about":[{"href":"https:\/\/tiffanysmandarin.com\/index.php\/wp-json\/wp\/v2\/types\/page"}],"author":[{"embeddable":true,"href":"https:\/\/tiffanysmandarin.com\/index.php\/wp-json\/wp\/v2\/users\/2"}],"replies":[{"embeddable":true,"href":"https:\/\/tiffanysmandarin.com\/index.php\/wp-json\/wp\/v2\/comments?post=706"}],"version-history":[{"count":49,"href":"https:\/\/tiffanysmandarin.com\/index.php\/wp-json\/wp\/v2\/pages\/706\/revisions"}],"predecessor-version":[{"id":13516,"href":"https:\/\/tiffanysmandarin.com\/index.php\/wp-json\/wp\/v2\/pages\/706\/revisions\/13516"}],"wp:attachment":[{"href":"https:\/\/tiffanysmandarin.com\/index.php\/wp-json\/wp\/v2\/media?parent=706"}],"curies":[{"name":"wp","href":"https:\/\/api.w.org\/{rel}","templated":true}]}}