{"id":361,"date":"2022-06-06T07:21:48","date_gmt":"2022-06-06T07:21:48","guid":{"rendered":"http:\/\/tiffanysmandarin.com\/?page_id=361"},"modified":"2024-12-03T23:35:34","modified_gmt":"2024-12-03T15:35:34","slug":"foundation","status":"publish","type":"page","link":"https:\/\/tiffanysmandarin.com\/index.php\/foundation\/","title":{"rendered":"Foundation"},"content":{"rendered":"\n<p class=\"has-text-align-right\"><strong><mark style=\"background-color:rgba(0, 0, 0, 0);color:#4573b2\" class=\"has-inline-color\">Click here to modify \u2198\ufe0f&nbsp;<br> the characters and pinyin&nbsp;<\/mark><\/strong><\/p>\n\n\n\n<div style=\"height:30px\" aria-hidden=\"true\" class=\"wp-block-spacer\"><\/div>\n\n\n\n<ul class=\"wp-block-list\">\n<li><a href=\"https:\/\/tiffanysmandarin.com\/index.php\/2022\/06\/25\/chineselanguage\/\"><em>What is Chinese Language (h\u00e0ny\u01d4? p\u01d4t\u014dnghu\u00e0? zh\u014dngw\u00e9n? )<\/em><\/a><\/li>\n<\/ul>\n\n\n\n<ul class=\"wp-block-list\">\n<li><em><a href=\"https:\/\/tiffanysmandarin.com\/index.php\/2022\/10\/11\/abbreviations\/\">Abbreviations of Chinese Grammar Terms<\/a><\/em><\/li>\n<\/ul>\n\n\n\n<ul class=\"wp-block-list\">\n<li><a href=\"https:\/\/tiffanysmandarin.com\/index.php\/2022\/10\/08\/chinese-noun\/\"><em>Noun<\/em>s<\/a><\/li>\n<\/ul>\n\n\n\n<ul class=\"wp-block-list\">\n<li><em><a href=\"https:\/\/tiffanysmandarin.com\/index.php\/2024\/04\/16\/zero-pronoun\/\">Zero Pronoun<\/a><\/em><\/li>\n<\/ul>\n\n\n\n<ul class=\"wp-block-list\">\n<li><em><a href=\"https:\/\/tiffanysmandarin.com\/index.php\/2022\/10\/12\/verbs\/\">Verbs<\/a><\/em><\/li>\n<\/ul>\n\n\n\n<ul class=\"wp-block-list\">\n<li><em><a href=\"https:\/\/tiffanysmandarin.com\/index.php\/2023\/06\/11\/separable-verbs\/\">Separable Verbs (VO Structure)<\/a><\/em><\/li>\n<\/ul>\n\n\n\n<ul class=\"wp-block-list\">\n<li><a href=\"https:\/\/tiffanysmandarin.com\/index.php\/2022\/06\/14\/stativeverbs\/\"><em>Stative Verbs (Chinese Adj.)<\/em><\/a><\/li>\n<\/ul>\n\n\n\n<ul class=\"wp-block-list\">\n<li><em><a href=\"https:\/\/tiffanysmandarin.com\/index.php\/2022\/10\/07\/chinese-measure-words\/\">Chinese Measure Words<\/a><\/em><\/li>\n<\/ul>\n\n\n\n<ul class=\"wp-block-list\">\n<li><a href=\"https:\/\/tiffanysmandarin.com\/index.php\/2022\/07\/13\/chinese-sentence-structure\/\"><em>Chinese Sentence Structure<\/em><\/a><\/li>\n<\/ul>\n\n\n\n<ul class=\"wp-block-list\">\n<li><a href=\"https:\/\/tiffanysmandarin.com\/index.php\/2022\/07\/16\/the-in-chinese\/\"><em>How to express &#8220;the&#8221; in Chinese<\/em><\/a><\/li>\n<\/ul>\n\n\n\n<ul class=\"wp-block-list\">\n<li><em><a href=\"https:\/\/tiffanysmandarin.com\/index.php\/2024\/12\/03\/yes-no-in-chinese\/\">How to say &#8220;Yes&#8221; and &#8220;No&#8221; in Chinese<\/a><\/em><\/li>\n<\/ul>\n\n\n\n<ul class=\"wp-block-list\">\n<li><em><a href=\"https:\/\/tiffanysmandarin.com\/index.php\/2022\/08\/02\/chinese-compound-word\/\">Chinese Compound Word<\/a><br>&#8211; Why does Chinese add \u5b50 zi and <span class=\"lang-zh-TW\">\u5152<\/span><span class=\"lang-zh-CN\">\u513f<\/span> er<\/em><br>&#8211; <em>Why does Chinese duplicate words with the same meaning?<br>&#8211; Why is Chinese obsessed with 2-syllable words<\/em><\/li>\n<\/ul>\n\n\n\n<ul class=\"wp-block-list\">\n<li><em><a href=\"https:\/\/tiffanysmandarin.com\/index.php\/2022\/11\/28\/chinese-complements\/\">Chinese Complements<\/a><\/em><\/li>\n<\/ul>\n\n\n<div class=\"wp-block-image\">\n<figure class=\"alignright size-medium is-resized\"><img loading=\"lazy\" decoding=\"async\" width=\"257\" height=\"300\" src=\"https:\/\/tiffanysmandarin.com\/wp-content\/uploads\/2023\/06\/Foundation-257x300.png\" alt=\"\" class=\"wp-image-8498\" style=\"width:193px;height:225px\" srcset=\"https:\/\/tiffanysmandarin.com\/wp-content\/uploads\/2023\/06\/Foundation-257x300.png 257w, https:\/\/tiffanysmandarin.com\/wp-content\/uploads\/2023\/06\/Foundation-300x350.png 300w, https:\/\/tiffanysmandarin.com\/wp-content\/uploads\/2023\/06\/Foundation.png 600w\" sizes=\"auto, (max-width: 257px) 100vw, 257px\" \/><\/figure>\n<\/div>","protected":false},"excerpt":{"rendered":"<p>Click here to modify \u2198\ufe0f&nbsp; the characters and pinyin&nbsp;<\/p>\n","protected":false},"author":2,"featured_media":0,"parent":0,"menu_order":0,"comment_status":"closed","ping_status":"closed","template":"","meta":{"footnotes":""},"class_list":["post-361","page","type-page","status-publish","hentry"],"yoast_head":"<!-- This site is optimized with the Yoast SEO plugin v27.2 - https:\/\/yoast.com\/product\/yoast-seo-wordpress\/ -->\n<title>Foundation - OneDotDot Chinese<\/title>\n<meta name=\"robots\" content=\"index, follow, max-snippet:-1, max-image-preview:large, max-video-preview:-1\" \/>\n<link rel=\"canonical\" href=\"https:\/\/tiffanysmandarin.com\/index.php\/foundation\/\" \/>\n<meta property=\"og:locale\" content=\"en_US\" \/>\n<meta property=\"og:type\" content=\"article\" \/>\n<meta property=\"og:title\" content=\"Foundation - OneDotDot Chinese\" \/>\n<meta property=\"og:description\" content=\"Click here to modify \u2198\ufe0f&nbsp; the characters and pinyin&nbsp;\" \/>\n<meta property=\"og:url\" content=\"https:\/\/tiffanysmandarin.com\/index.php\/foundation\/\" \/>\n<meta property=\"og:site_name\" content=\"OneDotDot Chinese\" \/>\n<meta property=\"article:modified_time\" content=\"2024-12-03T15:35:34+00:00\" \/>\n<meta property=\"og:image\" content=\"http:\/\/tiffanysmandarin.com\/wp-content\/uploads\/2023\/06\/Foundation-257x300.png\" \/>\n<meta name=\"twitter:card\" content=\"summary_large_image\" \/>\n<meta name=\"twitter:label1\" content=\"Est. reading time\" \/>\n\t<meta name=\"twitter:data1\" content=\"1 minute\" \/>\n<script type=\"application\/ld+json\" class=\"yoast-schema-graph\">{\"@context\":\"https:\/\/schema.org\",\"@graph\":[{\"@type\":\"WebPage\",\"@id\":\"https:\/\/tiffanysmandarin.com\/index.php\/foundation\/\",\"url\":\"https:\/\/tiffanysmandarin.com\/index.php\/foundation\/\",\"name\":\"Foundation - OneDotDot Chinese\",\"isPartOf\":{\"@id\":\"https:\/\/tiffanysmandarin.com\/#website\"},\"primaryImageOfPage\":{\"@id\":\"https:\/\/tiffanysmandarin.com\/index.php\/foundation\/#primaryimage\"},\"image\":{\"@id\":\"https:\/\/tiffanysmandarin.com\/index.php\/foundation\/#primaryimage\"},\"thumbnailUrl\":\"http:\/\/tiffanysmandarin.com\/wp-content\/uploads\/2023\/06\/Foundation-257x300.png\",\"datePublished\":\"2022-06-06T07:21:48+00:00\",\"dateModified\":\"2024-12-03T15:35:34+00:00\",\"breadcrumb\":{\"@id\":\"https:\/\/tiffanysmandarin.com\/index.php\/foundation\/#breadcrumb\"},\"inLanguage\":\"en-US\",\"potentialAction\":[{\"@type\":\"ReadAction\",\"target\":[\"https:\/\/tiffanysmandarin.com\/index.php\/foundation\/\"]}]},{\"@type\":\"ImageObject\",\"inLanguage\":\"en-US\",\"@id\":\"https:\/\/tiffanysmandarin.com\/index.php\/foundation\/#primaryimage\",\"url\":\"http:\/\/tiffanysmandarin.com\/wp-content\/uploads\/2023\/06\/Foundation-257x300.png\",\"contentUrl\":\"http:\/\/tiffanysmandarin.com\/wp-content\/uploads\/2023\/06\/Foundation-257x300.png\"},{\"@type\":\"BreadcrumbList\",\"@id\":\"https:\/\/tiffanysmandarin.com\/index.php\/foundation\/#breadcrumb\",\"itemListElement\":[{\"@type\":\"ListItem\",\"position\":1,\"name\":\"\u9996\u9801\",\"item\":\"https:\/\/tiffanysmandarin.com\/\"},{\"@type\":\"ListItem\",\"position\":2,\"name\":\"Foundation\"}]},{\"@type\":\"WebSite\",\"@id\":\"https:\/\/tiffanysmandarin.com\/#website\",\"url\":\"https:\/\/tiffanysmandarin.com\/\",\"name\":\"OneDotDot Chinese\",\"description\":\"Learn a little Chinese every day\",\"publisher\":{\"@id\":\"https:\/\/tiffanysmandarin.com\/#\/schema\/person\/3556e1160fac98b190d03b8aa8604d99\"},\"potentialAction\":[{\"@type\":\"SearchAction\",\"target\":{\"@type\":\"EntryPoint\",\"urlTemplate\":\"https:\/\/tiffanysmandarin.com\/?s={search_term_string}\"},\"query-input\":{\"@type\":\"PropertyValueSpecification\",\"valueRequired\":true,\"valueName\":\"search_term_string\"}}],\"inLanguage\":\"en-US\"},{\"@type\":[\"Person\",\"Organization\"],\"@id\":\"https:\/\/tiffanysmandarin.com\/#\/schema\/person\/3556e1160fac98b190d03b8aa8604d99\",\"name\":\"tiffany\",\"image\":{\"@type\":\"ImageObject\",\"inLanguage\":\"en-US\",\"@id\":\"http:\/\/tiffanysmandarin.com\/wp-content\/uploads\/2022\/06\/cropped-logo_tiffany2-1.png\",\"url\":\"http:\/\/tiffanysmandarin.com\/wp-content\/uploads\/2022\/06\/cropped-logo_tiffany2-1.png\",\"contentUrl\":\"http:\/\/tiffanysmandarin.com\/wp-content\/uploads\/2022\/06\/cropped-logo_tiffany2-1.png\",\"width\":214,\"height\":214,\"caption\":\"tiffany\"},\"logo\":{\"@id\":\"http:\/\/tiffanysmandarin.com\/wp-content\/uploads\/2022\/06\/cropped-logo_tiffany2-1.png\"},\"sameAs\":[\"https:\/\/www.instagram.com\/tiffanys_talk\/\",\"https:\/\/www.linkedin.com\/in\/tiffany-huang-mandarin\/\"]}]}<\/script>\n<!-- \/ Yoast SEO plugin. -->","yoast_head_json":{"title":"Foundation - OneDotDot Chinese","robots":{"index":"index","follow":"follow","max-snippet":"max-snippet:-1","max-image-preview":"max-image-preview:large","max-video-preview":"max-video-preview:-1"},"canonical":"https:\/\/tiffanysmandarin.com\/index.php\/foundation\/","og_locale":"en_US","og_type":"article","og_title":"Foundation - OneDotDot Chinese","og_description":"Click here to modify \u2198\ufe0f&nbsp; the characters and pinyin&nbsp;","og_url":"https:\/\/tiffanysmandarin.com\/index.php\/foundation\/","og_site_name":"OneDotDot Chinese","article_modified_time":"2024-12-03T15:35:34+00:00","og_image":[{"url":"http:\/\/tiffanysmandarin.com\/wp-content\/uploads\/2023\/06\/Foundation-257x300.png","type":"","width":"","height":""}],"twitter_card":"summary_large_image","twitter_misc":{"Est. reading time":"1 minute"},"schema":{"@context":"https:\/\/schema.org","@graph":[{"@type":"WebPage","@id":"https:\/\/tiffanysmandarin.com\/index.php\/foundation\/","url":"https:\/\/tiffanysmandarin.com\/index.php\/foundation\/","name":"Foundation - OneDotDot Chinese","isPartOf":{"@id":"https:\/\/tiffanysmandarin.com\/#website"},"primaryImageOfPage":{"@id":"https:\/\/tiffanysmandarin.com\/index.php\/foundation\/#primaryimage"},"image":{"@id":"https:\/\/tiffanysmandarin.com\/index.php\/foundation\/#primaryimage"},"thumbnailUrl":"http:\/\/tiffanysmandarin.com\/wp-content\/uploads\/2023\/06\/Foundation-257x300.png","datePublished":"2022-06-06T07:21:48+00:00","dateModified":"2024-12-03T15:35:34+00:00","breadcrumb":{"@id":"https:\/\/tiffanysmandarin.com\/index.php\/foundation\/#breadcrumb"},"inLanguage":"en-US","potentialAction":[{"@type":"ReadAction","target":["https:\/\/tiffanysmandarin.com\/index.php\/foundation\/"]}]},{"@type":"ImageObject","inLanguage":"en-US","@id":"https:\/\/tiffanysmandarin.com\/index.php\/foundation\/#primaryimage","url":"http:\/\/tiffanysmandarin.com\/wp-content\/uploads\/2023\/06\/Foundation-257x300.png","contentUrl":"http:\/\/tiffanysmandarin.com\/wp-content\/uploads\/2023\/06\/Foundation-257x300.png"},{"@type":"BreadcrumbList","@id":"https:\/\/tiffanysmandarin.com\/index.php\/foundation\/#breadcrumb","itemListElement":[{"@type":"ListItem","position":1,"name":"\u9996\u9801","item":"https:\/\/tiffanysmandarin.com\/"},{"@type":"ListItem","position":2,"name":"Foundation"}]},{"@type":"WebSite","@id":"https:\/\/tiffanysmandarin.com\/#website","url":"https:\/\/tiffanysmandarin.com\/","name":"OneDotDot Chinese","description":"Learn a little Chinese every day","publisher":{"@id":"https:\/\/tiffanysmandarin.com\/#\/schema\/person\/3556e1160fac98b190d03b8aa8604d99"},"potentialAction":[{"@type":"SearchAction","target":{"@type":"EntryPoint","urlTemplate":"https:\/\/tiffanysmandarin.com\/?s={search_term_string}"},"query-input":{"@type":"PropertyValueSpecification","valueRequired":true,"valueName":"search_term_string"}}],"inLanguage":"en-US"},{"@type":["Person","Organization"],"@id":"https:\/\/tiffanysmandarin.com\/#\/schema\/person\/3556e1160fac98b190d03b8aa8604d99","name":"tiffany","image":{"@type":"ImageObject","inLanguage":"en-US","@id":"http:\/\/tiffanysmandarin.com\/wp-content\/uploads\/2022\/06\/cropped-logo_tiffany2-1.png","url":"http:\/\/tiffanysmandarin.com\/wp-content\/uploads\/2022\/06\/cropped-logo_tiffany2-1.png","contentUrl":"http:\/\/tiffanysmandarin.com\/wp-content\/uploads\/2022\/06\/cropped-logo_tiffany2-1.png","width":214,"height":214,"caption":"tiffany"},"logo":{"@id":"http:\/\/tiffanysmandarin.com\/wp-content\/uploads\/2022\/06\/cropped-logo_tiffany2-1.png"},"sameAs":["https:\/\/www.instagram.com\/tiffanys_talk\/","https:\/\/www.linkedin.com\/in\/tiffany-huang-mandarin\/"]}]}},"jetpack_sharing_enabled":true,"_links":{"self":[{"href":"https:\/\/tiffanysmandarin.com\/index.php\/wp-json\/wp\/v2\/pages\/361","targetHints":{"allow":["GET"]}}],"collection":[{"href":"https:\/\/tiffanysmandarin.com\/index.php\/wp-json\/wp\/v2\/pages"}],"about":[{"href":"https:\/\/tiffanysmandarin.com\/index.php\/wp-json\/wp\/v2\/types\/page"}],"author":[{"embeddable":true,"href":"https:\/\/tiffanysmandarin.com\/index.php\/wp-json\/wp\/v2\/users\/2"}],"replies":[{"embeddable":true,"href":"https:\/\/tiffanysmandarin.com\/index.php\/wp-json\/wp\/v2\/comments?post=361"}],"version-history":[{"count":29,"href":"https:\/\/tiffanysmandarin.com\/index.php\/wp-json\/wp\/v2\/pages\/361\/revisions"}],"predecessor-version":[{"id":11734,"href":"https:\/\/tiffanysmandarin.com\/index.php\/wp-json\/wp\/v2\/pages\/361\/revisions\/11734"}],"wp:attachment":[{"href":"https:\/\/tiffanysmandarin.com\/index.php\/wp-json\/wp\/v2\/media?parent=361"}],"curies":[{"name":"wp","href":"https:\/\/api.w.org\/{rel}","templated":true}]}}