{"id":2584,"date":"2022-09-11T20:39:59","date_gmt":"2022-09-11T12:39:59","guid":{"rendered":"http:\/\/tiffanysmandarin.com\/?page_id=2584"},"modified":"2025-12-31T00:10:12","modified_gmt":"2025-12-30T16:10:12","slug":"chinese-festivals","status":"publish","type":"page","link":"https:\/\/tiffanysmandarin.com\/index.php\/chinese-festivals\/","title":{"rendered":"Chinese Festivals"},"content":{"rendered":"\n<div style=\"height:18px\" aria-hidden=\"true\" class=\"wp-block-spacer\"><\/div>\n\n\n\n<p>Most Chinese traditional festivals have deep roots in history, spanning thousands of years. Each festival is associated with various rituals, stories, and certain foods. The dates of traditional Chinese festivals typically vary each year according to the Chinese lunar calendar. So, when my foreign friends ask me when Chinese New Year is, I always say I need to check.<\/p>\n\n\n\n<div style=\"height:17px\" aria-hidden=\"true\" class=\"wp-block-spacer\"><\/div>\n\n\n\n<div class=\"wp-block-media-text alignwide\" style=\"grid-template-columns:25% auto\"><figure class=\"wp-block-media-text__media\"><img loading=\"lazy\" decoding=\"async\" width=\"500\" height=\"500\" src=\"https:\/\/tiffanysmandarin.com\/wp-content\/uploads\/2025\/12\/unnamed-52.jpg\" alt=\"\" class=\"wp-image-13331 size-full\" srcset=\"https:\/\/tiffanysmandarin.com\/wp-content\/uploads\/2025\/12\/unnamed-52.jpg 500w, https:\/\/tiffanysmandarin.com\/wp-content\/uploads\/2025\/12\/unnamed-52-300x300.jpg 300w, https:\/\/tiffanysmandarin.com\/wp-content\/uploads\/2025\/12\/unnamed-52-150x150.jpg 150w, https:\/\/tiffanysmandarin.com\/wp-content\/uploads\/2025\/12\/unnamed-52-100x100.jpg 100w\" sizes=\"auto, (max-width: 500px) 100vw, 500px\" \/><\/figure><div class=\"wp-block-media-text__content\">\n<h3 class=\"wp-block-heading has-text-align-center\"><strong><strong><a href=\"https:\/\/tiffanysmandarin.com\/index.php\/2025\/02\/03\/chinese-new-year\/\">Chinese New Year<\/a><\/strong><\/strong><\/h3>\n\n\n\n<p class=\"has-text-align-center\"><span class=\"lang-zh-TW\">\u904e\u5e74<\/span><span class=\"lang-zh-CN\">\u8fc7\u5e74<\/span> gu\u00f2ni\u00e1n<br>Jan 1st (lunar)<\/p>\n<\/div><\/div>\n\n\n\n<div style=\"height:20px\" aria-hidden=\"true\" class=\"wp-block-spacer\"><\/div>\n\n\n\n<div class=\"wp-block-media-text alignwide\" style=\"grid-template-columns:25% auto\"><figure class=\"wp-block-media-text__media\"><img loading=\"lazy\" decoding=\"async\" width=\"500\" height=\"500\" src=\"https:\/\/tiffanysmandarin.com\/wp-content\/uploads\/2025\/12\/unnamed-51.jpg\" alt=\"\" class=\"wp-image-13328 size-full\" srcset=\"https:\/\/tiffanysmandarin.com\/wp-content\/uploads\/2025\/12\/unnamed-51.jpg 500w, https:\/\/tiffanysmandarin.com\/wp-content\/uploads\/2025\/12\/unnamed-51-300x300.jpg 300w, https:\/\/tiffanysmandarin.com\/wp-content\/uploads\/2025\/12\/unnamed-51-150x150.jpg 150w, https:\/\/tiffanysmandarin.com\/wp-content\/uploads\/2025\/12\/unnamed-51-100x100.jpg 100w\" sizes=\"auto, (max-width: 500px) 100vw, 500px\" \/><\/figure><div class=\"wp-block-media-text__content\">\n<h3 class=\"wp-block-heading has-text-align-center\"><strong>Lantern Festival<\/strong><\/h3>\n\n\n\n<p class=\"has-text-align-center\"><span class=\"lang-zh-TW\">\u5143\u5bb5\u7bc0<\/span><span class=\"lang-zh-CN\">\u5143\u5bb5\u8282<\/span> yu\u00e1nxi\u0101o ji\u00e9<br>Jan 15th (lunar)<\/p>\n<\/div><\/div>\n\n\n\n<div style=\"height:20px\" aria-hidden=\"true\" class=\"wp-block-spacer\"><\/div>\n\n\n\n<div class=\"wp-block-media-text alignwide\" style=\"grid-template-columns:25% auto\"><figure class=\"wp-block-media-text__media\"><img loading=\"lazy\" decoding=\"async\" width=\"500\" height=\"500\" src=\"https:\/\/tiffanysmandarin.com\/wp-content\/uploads\/2025\/12\/unnamed-50.jpg\" alt=\"\" class=\"wp-image-13326 size-full\" srcset=\"https:\/\/tiffanysmandarin.com\/wp-content\/uploads\/2025\/12\/unnamed-50.jpg 500w, https:\/\/tiffanysmandarin.com\/wp-content\/uploads\/2025\/12\/unnamed-50-300x300.jpg 300w, https:\/\/tiffanysmandarin.com\/wp-content\/uploads\/2025\/12\/unnamed-50-150x150.jpg 150w, https:\/\/tiffanysmandarin.com\/wp-content\/uploads\/2025\/12\/unnamed-50-100x100.jpg 100w\" sizes=\"auto, (max-width: 500px) 100vw, 500px\" \/><\/figure><div class=\"wp-block-media-text__content\">\n<h3 class=\"wp-block-heading has-text-align-center\"><strong>Tomb Sweeping Day<\/strong><\/h3>\n\n\n\n<p class=\"has-text-align-center\"><span class=\"lang-zh-TW\">\u6e05\u660e\u7bc0<\/span><span class=\"lang-zh-CN\">\u6e05\u660e\u8282<\/span> q\u012bngm\u00edng ji\u00e9<br>Around April 5th<\/p>\n<\/div><\/div>\n\n\n\n<div style=\"height:20px\" aria-hidden=\"true\" class=\"wp-block-spacer\"><\/div>\n\n\n\n<div class=\"wp-block-media-text alignwide\" style=\"grid-template-columns:25% auto\"><figure class=\"wp-block-media-text__media\"><img loading=\"lazy\" decoding=\"async\" width=\"500\" height=\"500\" src=\"https:\/\/tiffanysmandarin.com\/wp-content\/uploads\/2025\/12\/unnamed-47.jpg\" alt=\"\" class=\"wp-image-13321 size-full\" srcset=\"https:\/\/tiffanysmandarin.com\/wp-content\/uploads\/2025\/12\/unnamed-47.jpg 500w, https:\/\/tiffanysmandarin.com\/wp-content\/uploads\/2025\/12\/unnamed-47-300x300.jpg 300w, https:\/\/tiffanysmandarin.com\/wp-content\/uploads\/2025\/12\/unnamed-47-150x150.jpg 150w, https:\/\/tiffanysmandarin.com\/wp-content\/uploads\/2025\/12\/unnamed-47-100x100.jpg 100w\" sizes=\"auto, (max-width: 500px) 100vw, 500px\" \/><\/figure><div class=\"wp-block-media-text__content\">\n<h3 class=\"wp-block-heading has-text-align-center\"><strong><a href=\"https:\/\/tiffanysmandarin.com\/index.php\/2023\/06\/24\/dragon-boat-festival\/\">Dragon Boat Festival<\/a><\/strong><\/h3>\n\n\n\n<p class=\"has-text-align-center\"><span class=\"lang-zh-TW\">\u7aef\u5348\u7bc0<\/span><span class=\"lang-zh-CN\">\u7aef\u5348\u8282<\/span> du\u0101nw\u01d4 ji\u00e9<br>May 5th (lunar)<\/p>\n<\/div><\/div>\n\n\n\n<div style=\"height:20px\" aria-hidden=\"true\" class=\"wp-block-spacer\"><\/div>\n\n\n\n<div class=\"wp-block-media-text alignwide\" style=\"grid-template-columns:25% auto\"><figure class=\"wp-block-media-text__media\"><img loading=\"lazy\" decoding=\"async\" width=\"500\" height=\"500\" src=\"https:\/\/tiffanysmandarin.com\/wp-content\/uploads\/2025\/12\/unnamed-48.jpg\" alt=\"\" class=\"wp-image-13322 size-full\" srcset=\"https:\/\/tiffanysmandarin.com\/wp-content\/uploads\/2025\/12\/unnamed-48.jpg 500w, https:\/\/tiffanysmandarin.com\/wp-content\/uploads\/2025\/12\/unnamed-48-300x300.jpg 300w, https:\/\/tiffanysmandarin.com\/wp-content\/uploads\/2025\/12\/unnamed-48-150x150.jpg 150w, https:\/\/tiffanysmandarin.com\/wp-content\/uploads\/2025\/12\/unnamed-48-100x100.jpg 100w\" sizes=\"auto, (max-width: 500px) 100vw, 500px\" \/><\/figure><div class=\"wp-block-media-text__content\">\n<h3 class=\"wp-block-heading has-text-align-center\"><strong>Chinese Valentine<\/strong><\/h3>\n\n\n\n<p class=\"has-text-align-center\">\u4e03\u5915 q\u012bx\u00ec<br>July 7th (lunar)<\/p>\n<\/div><\/div>\n\n\n\n<div style=\"height:20px\" aria-hidden=\"true\" class=\"wp-block-spacer\"><\/div>\n\n\n\n<div class=\"wp-block-media-text alignwide\" style=\"grid-template-columns:25% auto\"><figure class=\"wp-block-media-text__media\"><img loading=\"lazy\" decoding=\"async\" width=\"500\" height=\"500\" src=\"https:\/\/tiffanysmandarin.com\/wp-content\/uploads\/2025\/12\/unnamed-49.jpg\" alt=\"\" class=\"wp-image-13324 size-full\" srcset=\"https:\/\/tiffanysmandarin.com\/wp-content\/uploads\/2025\/12\/unnamed-49.jpg 500w, https:\/\/tiffanysmandarin.com\/wp-content\/uploads\/2025\/12\/unnamed-49-300x300.jpg 300w, https:\/\/tiffanysmandarin.com\/wp-content\/uploads\/2025\/12\/unnamed-49-150x150.jpg 150w, https:\/\/tiffanysmandarin.com\/wp-content\/uploads\/2025\/12\/unnamed-49-100x100.jpg 100w\" sizes=\"auto, (max-width: 500px) 100vw, 500px\" \/><\/figure><div class=\"wp-block-media-text__content\">\n<h3 class=\"wp-block-heading has-text-align-center\"><strong>Hungry Ghost Festival<\/strong><\/h3>\n\n\n\n<p class=\"has-text-align-center\"><span class=\"lang-zh-TW\">\u4e2d\u5143\u7bc0<\/span><span class=\"lang-zh-CN\">\u4e2d\u5143\u8282<\/span> zh\u014dngyu\u00e1n ji\u00e9<br>July 15th (lunar)<\/p>\n<\/div><\/div>\n\n\n\n<div style=\"height:20px\" aria-hidden=\"true\" class=\"wp-block-spacer\"><\/div>\n\n\n\n<div class=\"wp-block-media-text alignwide\" style=\"grid-template-columns:25% auto\"><figure class=\"wp-block-media-text__media\"><img loading=\"lazy\" decoding=\"async\" width=\"500\" height=\"500\" src=\"https:\/\/tiffanysmandarin.com\/wp-content\/uploads\/2025\/12\/unnamed-46.jpg\" alt=\"\" class=\"wp-image-13319 size-full\" srcset=\"https:\/\/tiffanysmandarin.com\/wp-content\/uploads\/2025\/12\/unnamed-46.jpg 500w, https:\/\/tiffanysmandarin.com\/wp-content\/uploads\/2025\/12\/unnamed-46-300x300.jpg 300w, https:\/\/tiffanysmandarin.com\/wp-content\/uploads\/2025\/12\/unnamed-46-150x150.jpg 150w, https:\/\/tiffanysmandarin.com\/wp-content\/uploads\/2025\/12\/unnamed-46-100x100.jpg 100w\" sizes=\"auto, (max-width: 500px) 100vw, 500px\" \/><\/figure><div class=\"wp-block-media-text__content\">\n<h3 class=\"wp-block-heading has-text-align-center\"><strong><a href=\"https:\/\/tiffanysmandarin.com\/index.php\/2022\/09\/28\/moon-festival\/\">Moon Festival<\/a><\/strong><\/h3>\n\n\n\n<p class=\"has-text-align-center\"><span class=\"lang-zh-TW\">\u4e2d\u79cb\u7bc0<\/span><span class=\"lang-zh-CN\">\u4e2d\u79cb\u8282<\/span> zh\u014dngqi\u016b ji\u00e9<br>Aug 15th (lunar)<\/p>\n<\/div><\/div>\n\n\n\n<div style=\"height:20px\" aria-hidden=\"true\" class=\"wp-block-spacer\"><\/div>\n\n\n\n<div class=\"wp-block-media-text alignwide\" style=\"grid-template-columns:25% auto\"><figure class=\"wp-block-media-text__media\"><img loading=\"lazy\" decoding=\"async\" width=\"500\" height=\"500\" src=\"https:\/\/tiffanysmandarin.com\/wp-content\/uploads\/2025\/12\/unnamed-43.jpg\" alt=\"\" class=\"wp-image-13312 size-full\" srcset=\"https:\/\/tiffanysmandarin.com\/wp-content\/uploads\/2025\/12\/unnamed-43.jpg 500w, https:\/\/tiffanysmandarin.com\/wp-content\/uploads\/2025\/12\/unnamed-43-300x300.jpg 300w, https:\/\/tiffanysmandarin.com\/wp-content\/uploads\/2025\/12\/unnamed-43-150x150.jpg 150w, https:\/\/tiffanysmandarin.com\/wp-content\/uploads\/2025\/12\/unnamed-43-100x100.jpg 100w\" sizes=\"auto, (max-width: 500px) 100vw, 500px\" \/><\/figure><div class=\"wp-block-media-text__content\">\n<h3 class=\"wp-block-heading has-text-align-center\"><a href=\"https:\/\/tiffanysmandarin.com\/index.php\/2022\/10\/17\/china-national-day\/\"><strong><strong>China<\/strong><\/strong> <strong>National Day<\/strong><\/a><\/h3>\n\n\n\n<p class=\"has-text-align-center\"><span class=\"lang-zh-TW\">\u570b\u6176\u7bc0<\/span><span class=\"lang-zh-CN\">\u56fd\u5e86\u8282<\/span> gu\u00f3q\u00ecng ji\u00e9<br>October 1st<\/p>\n<\/div><\/div>\n\n\n\n<div style=\"height:20px\" aria-hidden=\"true\" class=\"wp-block-spacer\"><\/div>\n\n\n\n<div class=\"wp-block-media-text alignwide\" style=\"grid-template-columns:25% auto\"><figure class=\"wp-block-media-text__media\"><img loading=\"lazy\" decoding=\"async\" width=\"500\" height=\"500\" src=\"https:\/\/tiffanysmandarin.com\/wp-content\/uploads\/2025\/12\/unnamed-44.jpg\" alt=\"\" class=\"wp-image-13314 size-full\" srcset=\"https:\/\/tiffanysmandarin.com\/wp-content\/uploads\/2025\/12\/unnamed-44.jpg 500w, https:\/\/tiffanysmandarin.com\/wp-content\/uploads\/2025\/12\/unnamed-44-300x300.jpg 300w, https:\/\/tiffanysmandarin.com\/wp-content\/uploads\/2025\/12\/unnamed-44-150x150.jpg 150w, https:\/\/tiffanysmandarin.com\/wp-content\/uploads\/2025\/12\/unnamed-44-100x100.jpg 100w\" sizes=\"auto, (max-width: 500px) 100vw, 500px\" \/><\/figure><div class=\"wp-block-media-text__content\">\n<h3 class=\"wp-block-heading has-text-align-center\"><a href=\"https:\/\/tiffanysmandarin.com\/index.php\/2022\/10\/10\/taiwan-national-day\/\"><strong><strong>Taiwan<\/strong><\/strong> <strong>National Day<\/strong><\/a><\/h3>\n\n\n\n<p class=\"has-text-align-center\"><span class=\"lang-zh-TW\">\u570b\u6176\u65e5<\/span><span class=\"lang-zh-CN\">\u56fd\u5e86\u65e5<\/span> gu\u00f3q\u00ecngr\u00ec<br>October 10th<\/p>\n<\/div><\/div>\n\n\n\n<div style=\"height:20px\" aria-hidden=\"true\" class=\"wp-block-spacer\"><\/div>\n\n\n\n<div class=\"wp-block-media-text alignwide\" style=\"grid-template-columns:25% auto\"><figure class=\"wp-block-media-text__media\"><img loading=\"lazy\" decoding=\"async\" width=\"500\" height=\"500\" src=\"https:\/\/tiffanysmandarin.com\/wp-content\/uploads\/2025\/12\/unnamed-45.jpg\" alt=\"\" class=\"wp-image-13317 size-full\" srcset=\"https:\/\/tiffanysmandarin.com\/wp-content\/uploads\/2025\/12\/unnamed-45.jpg 500w, https:\/\/tiffanysmandarin.com\/wp-content\/uploads\/2025\/12\/unnamed-45-300x300.jpg 300w, https:\/\/tiffanysmandarin.com\/wp-content\/uploads\/2025\/12\/unnamed-45-150x150.jpg 150w, https:\/\/tiffanysmandarin.com\/wp-content\/uploads\/2025\/12\/unnamed-45-100x100.jpg 100w\" sizes=\"auto, (max-width: 500px) 100vw, 500px\" \/><\/figure><div class=\"wp-block-media-text__content\">\n<h3 class=\"wp-block-heading has-text-align-center\"><strong><a href=\"https:\/\/tiffanysmandarin.com\/index.php\/2025\/12\/30\/winter-solstice-dongzhi\/\">Winter Solstice<\/a><\/strong><\/h3>\n\n\n\n<p class=\"has-text-align-center\">\u51ac\u81f3 d\u014dngzh\u00ec<br>Around Dec 22th<\/p>\n<\/div><\/div>\n","protected":false},"excerpt":{"rendered":"<p>Most Chinese traditional festivals have deep roots in history, spanning thousands of years. Each festival is associated with various rituals, stories, and certain foods. The dates of traditional Chinese festivals typically vary each year according to the Chinese lunar calendar. So, when my foreign friends ask me when Chinese New Year is, I always say&#8230;<\/p>\n","protected":false},"author":2,"featured_media":0,"parent":0,"menu_order":0,"comment_status":"closed","ping_status":"closed","template":"","meta":{"footnotes":""},"class_list":["post-2584","page","type-page","status-publish","hentry"],"yoast_head":"<!-- This site is optimized with the Yoast SEO plugin v27.2 - https:\/\/yoast.com\/product\/yoast-seo-wordpress\/ -->\n<title>Chinese Festivals - OneDotDot Chinese<\/title>\n<meta name=\"description\" content=\"Most Chinese traditional festivals have a deep-rooted with thousand years of\u00a0history. We have a lot of rituals, stories, and certain food for each festival.\" \/>\n<meta name=\"robots\" content=\"index, follow, max-snippet:-1, max-image-preview:large, max-video-preview:-1\" \/>\n<link rel=\"canonical\" href=\"https:\/\/tiffanysmandarin.com\/index.php\/chinese-festivals\/\" \/>\n<meta property=\"og:locale\" content=\"en_US\" \/>\n<meta property=\"og:type\" content=\"article\" \/>\n<meta property=\"og:title\" content=\"Chinese Festivals - OneDotDot Chinese\" \/>\n<meta property=\"og:description\" content=\"Most Chinese traditional festivals have a deep-rooted with thousand years of\u00a0history. We have a lot of rituals, stories, and certain food for each festival.\" \/>\n<meta property=\"og:url\" content=\"https:\/\/tiffanysmandarin.com\/index.php\/chinese-festivals\/\" \/>\n<meta property=\"og:site_name\" content=\"OneDotDot Chinese\" \/>\n<meta property=\"article:modified_time\" content=\"2025-12-30T16:10:12+00:00\" \/>\n<meta property=\"og:image\" content=\"https:\/\/tiffanysmandarin.com\/wp-content\/uploads\/2025\/12\/unnamed-52.jpg\" \/>\n\t<meta property=\"og:image:width\" content=\"500\" \/>\n\t<meta property=\"og:image:height\" content=\"500\" \/>\n\t<meta property=\"og:image:type\" content=\"image\/jpeg\" \/>\n<meta name=\"twitter:card\" content=\"summary_large_image\" \/>\n<meta name=\"twitter:label1\" content=\"Est. reading time\" \/>\n\t<meta name=\"twitter:data1\" content=\"3 minutes\" \/>\n<script type=\"application\/ld+json\" class=\"yoast-schema-graph\">{\"@context\":\"https:\/\/schema.org\",\"@graph\":[{\"@type\":\"WebPage\",\"@id\":\"https:\/\/tiffanysmandarin.com\/index.php\/chinese-festivals\/\",\"url\":\"https:\/\/tiffanysmandarin.com\/index.php\/chinese-festivals\/\",\"name\":\"Chinese Festivals - OneDotDot Chinese\",\"isPartOf\":{\"@id\":\"https:\/\/tiffanysmandarin.com\/#website\"},\"primaryImageOfPage\":{\"@id\":\"https:\/\/tiffanysmandarin.com\/index.php\/chinese-festivals\/#primaryimage\"},\"image\":{\"@id\":\"https:\/\/tiffanysmandarin.com\/index.php\/chinese-festivals\/#primaryimage\"},\"thumbnailUrl\":\"https:\/\/tiffanysmandarin.com\/wp-content\/uploads\/2025\/12\/unnamed-52.jpg\",\"datePublished\":\"2022-09-11T12:39:59+00:00\",\"dateModified\":\"2025-12-30T16:10:12+00:00\",\"description\":\"Most Chinese traditional festivals have a deep-rooted with thousand years of\u00a0history. We have a lot of rituals, stories, and certain food for each festival.\",\"breadcrumb\":{\"@id\":\"https:\/\/tiffanysmandarin.com\/index.php\/chinese-festivals\/#breadcrumb\"},\"inLanguage\":\"en-US\",\"potentialAction\":[{\"@type\":\"ReadAction\",\"target\":[\"https:\/\/tiffanysmandarin.com\/index.php\/chinese-festivals\/\"]}]},{\"@type\":\"ImageObject\",\"inLanguage\":\"en-US\",\"@id\":\"https:\/\/tiffanysmandarin.com\/index.php\/chinese-festivals\/#primaryimage\",\"url\":\"https:\/\/tiffanysmandarin.com\/wp-content\/uploads\/2025\/12\/unnamed-52.jpg\",\"contentUrl\":\"https:\/\/tiffanysmandarin.com\/wp-content\/uploads\/2025\/12\/unnamed-52.jpg\",\"width\":500,\"height\":500},{\"@type\":\"BreadcrumbList\",\"@id\":\"https:\/\/tiffanysmandarin.com\/index.php\/chinese-festivals\/#breadcrumb\",\"itemListElement\":[{\"@type\":\"ListItem\",\"position\":1,\"name\":\"\u9996\u9801\",\"item\":\"https:\/\/tiffanysmandarin.com\/\"},{\"@type\":\"ListItem\",\"position\":2,\"name\":\"Chinese Festivals\"}]},{\"@type\":\"WebSite\",\"@id\":\"https:\/\/tiffanysmandarin.com\/#website\",\"url\":\"https:\/\/tiffanysmandarin.com\/\",\"name\":\"OneDotDot Chinese\",\"description\":\"Learn a little Chinese every day\",\"publisher\":{\"@id\":\"https:\/\/tiffanysmandarin.com\/#\/schema\/person\/3556e1160fac98b190d03b8aa8604d99\"},\"potentialAction\":[{\"@type\":\"SearchAction\",\"target\":{\"@type\":\"EntryPoint\",\"urlTemplate\":\"https:\/\/tiffanysmandarin.com\/?s={search_term_string}\"},\"query-input\":{\"@type\":\"PropertyValueSpecification\",\"valueRequired\":true,\"valueName\":\"search_term_string\"}}],\"inLanguage\":\"en-US\"},{\"@type\":[\"Person\",\"Organization\"],\"@id\":\"https:\/\/tiffanysmandarin.com\/#\/schema\/person\/3556e1160fac98b190d03b8aa8604d99\",\"name\":\"tiffany\",\"image\":{\"@type\":\"ImageObject\",\"inLanguage\":\"en-US\",\"@id\":\"http:\/\/tiffanysmandarin.com\/wp-content\/uploads\/2022\/06\/cropped-logo_tiffany2-1.png\",\"url\":\"http:\/\/tiffanysmandarin.com\/wp-content\/uploads\/2022\/06\/cropped-logo_tiffany2-1.png\",\"contentUrl\":\"http:\/\/tiffanysmandarin.com\/wp-content\/uploads\/2022\/06\/cropped-logo_tiffany2-1.png\",\"width\":214,\"height\":214,\"caption\":\"tiffany\"},\"logo\":{\"@id\":\"http:\/\/tiffanysmandarin.com\/wp-content\/uploads\/2022\/06\/cropped-logo_tiffany2-1.png\"},\"sameAs\":[\"https:\/\/www.instagram.com\/tiffanys_talk\/\",\"https:\/\/www.linkedin.com\/in\/tiffany-huang-mandarin\/\"]}]}<\/script>\n<!-- \/ Yoast SEO plugin. -->","yoast_head_json":{"title":"Chinese Festivals - OneDotDot Chinese","description":"Most Chinese traditional festivals have a deep-rooted with thousand years of\u00a0history. We have a lot of rituals, stories, and certain food for each festival.","robots":{"index":"index","follow":"follow","max-snippet":"max-snippet:-1","max-image-preview":"max-image-preview:large","max-video-preview":"max-video-preview:-1"},"canonical":"https:\/\/tiffanysmandarin.com\/index.php\/chinese-festivals\/","og_locale":"en_US","og_type":"article","og_title":"Chinese Festivals - OneDotDot Chinese","og_description":"Most Chinese traditional festivals have a deep-rooted with thousand years of\u00a0history. We have a lot of rituals, stories, and certain food for each festival.","og_url":"https:\/\/tiffanysmandarin.com\/index.php\/chinese-festivals\/","og_site_name":"OneDotDot Chinese","article_modified_time":"2025-12-30T16:10:12+00:00","og_image":[{"width":500,"height":500,"url":"https:\/\/tiffanysmandarin.com\/wp-content\/uploads\/2025\/12\/unnamed-52.jpg","type":"image\/jpeg"}],"twitter_card":"summary_large_image","twitter_misc":{"Est. reading time":"3 minutes"},"schema":{"@context":"https:\/\/schema.org","@graph":[{"@type":"WebPage","@id":"https:\/\/tiffanysmandarin.com\/index.php\/chinese-festivals\/","url":"https:\/\/tiffanysmandarin.com\/index.php\/chinese-festivals\/","name":"Chinese Festivals - OneDotDot Chinese","isPartOf":{"@id":"https:\/\/tiffanysmandarin.com\/#website"},"primaryImageOfPage":{"@id":"https:\/\/tiffanysmandarin.com\/index.php\/chinese-festivals\/#primaryimage"},"image":{"@id":"https:\/\/tiffanysmandarin.com\/index.php\/chinese-festivals\/#primaryimage"},"thumbnailUrl":"https:\/\/tiffanysmandarin.com\/wp-content\/uploads\/2025\/12\/unnamed-52.jpg","datePublished":"2022-09-11T12:39:59+00:00","dateModified":"2025-12-30T16:10:12+00:00","description":"Most Chinese traditional festivals have a deep-rooted with thousand years of\u00a0history. We have a lot of rituals, stories, and certain food for each festival.","breadcrumb":{"@id":"https:\/\/tiffanysmandarin.com\/index.php\/chinese-festivals\/#breadcrumb"},"inLanguage":"en-US","potentialAction":[{"@type":"ReadAction","target":["https:\/\/tiffanysmandarin.com\/index.php\/chinese-festivals\/"]}]},{"@type":"ImageObject","inLanguage":"en-US","@id":"https:\/\/tiffanysmandarin.com\/index.php\/chinese-festivals\/#primaryimage","url":"https:\/\/tiffanysmandarin.com\/wp-content\/uploads\/2025\/12\/unnamed-52.jpg","contentUrl":"https:\/\/tiffanysmandarin.com\/wp-content\/uploads\/2025\/12\/unnamed-52.jpg","width":500,"height":500},{"@type":"BreadcrumbList","@id":"https:\/\/tiffanysmandarin.com\/index.php\/chinese-festivals\/#breadcrumb","itemListElement":[{"@type":"ListItem","position":1,"name":"\u9996\u9801","item":"https:\/\/tiffanysmandarin.com\/"},{"@type":"ListItem","position":2,"name":"Chinese Festivals"}]},{"@type":"WebSite","@id":"https:\/\/tiffanysmandarin.com\/#website","url":"https:\/\/tiffanysmandarin.com\/","name":"OneDotDot Chinese","description":"Learn a little Chinese every day","publisher":{"@id":"https:\/\/tiffanysmandarin.com\/#\/schema\/person\/3556e1160fac98b190d03b8aa8604d99"},"potentialAction":[{"@type":"SearchAction","target":{"@type":"EntryPoint","urlTemplate":"https:\/\/tiffanysmandarin.com\/?s={search_term_string}"},"query-input":{"@type":"PropertyValueSpecification","valueRequired":true,"valueName":"search_term_string"}}],"inLanguage":"en-US"},{"@type":["Person","Organization"],"@id":"https:\/\/tiffanysmandarin.com\/#\/schema\/person\/3556e1160fac98b190d03b8aa8604d99","name":"tiffany","image":{"@type":"ImageObject","inLanguage":"en-US","@id":"http:\/\/tiffanysmandarin.com\/wp-content\/uploads\/2022\/06\/cropped-logo_tiffany2-1.png","url":"http:\/\/tiffanysmandarin.com\/wp-content\/uploads\/2022\/06\/cropped-logo_tiffany2-1.png","contentUrl":"http:\/\/tiffanysmandarin.com\/wp-content\/uploads\/2022\/06\/cropped-logo_tiffany2-1.png","width":214,"height":214,"caption":"tiffany"},"logo":{"@id":"http:\/\/tiffanysmandarin.com\/wp-content\/uploads\/2022\/06\/cropped-logo_tiffany2-1.png"},"sameAs":["https:\/\/www.instagram.com\/tiffanys_talk\/","https:\/\/www.linkedin.com\/in\/tiffany-huang-mandarin\/"]}]}},"jetpack_sharing_enabled":true,"_links":{"self":[{"href":"https:\/\/tiffanysmandarin.com\/index.php\/wp-json\/wp\/v2\/pages\/2584","targetHints":{"allow":["GET"]}}],"collection":[{"href":"https:\/\/tiffanysmandarin.com\/index.php\/wp-json\/wp\/v2\/pages"}],"about":[{"href":"https:\/\/tiffanysmandarin.com\/index.php\/wp-json\/wp\/v2\/types\/page"}],"author":[{"embeddable":true,"href":"https:\/\/tiffanysmandarin.com\/index.php\/wp-json\/wp\/v2\/users\/2"}],"replies":[{"embeddable":true,"href":"https:\/\/tiffanysmandarin.com\/index.php\/wp-json\/wp\/v2\/comments?post=2584"}],"version-history":[{"count":40,"href":"https:\/\/tiffanysmandarin.com\/index.php\/wp-json\/wp\/v2\/pages\/2584\/revisions"}],"predecessor-version":[{"id":13332,"href":"https:\/\/tiffanysmandarin.com\/index.php\/wp-json\/wp\/v2\/pages\/2584\/revisions\/13332"}],"wp:attachment":[{"href":"https:\/\/tiffanysmandarin.com\/index.php\/wp-json\/wp\/v2\/media?parent=2584"}],"curies":[{"name":"wp","href":"https:\/\/api.w.org\/{rel}","templated":true}]}}